{"id":418,"date":"2024-02-15T09:01:29","date_gmt":"2024-02-15T09:01:29","guid":{"rendered":"https:\/\/lesdeux-kitzbuehel.at\/directions"},"modified":"2025-04-14T19:11:20","modified_gmt":"2025-04-14T19:11:20","slug":"directions","status":"publish","type":"page","link":"https:\/\/lesdeux-kitzbuehel.at\/en\/directions","title":{"rendered":"Directions"},"content":{"rendered":"\n<style type=\"text\/css\" data-created_by=\"avia_inline_auto\" id=\"style-css-av-lrz4yl12-63ad6bd1383ff76aa58fc6f12e350870\">\n.avia-section.av-lrz4yl12-63ad6bd1383ff76aa58fc6f12e350870{\nbackground-repeat:no-repeat;\nbackground-image:url(https:\/\/lesdeux-kitzbuehel.at\/wp-content\/uploads\/2024\/02\/anfahrt.png);\nbackground-position:50% 100%;\nbackground-attachment:fixed;\n}\n.avia-section.av-lrz4yl12-63ad6bd1383ff76aa58fc6f12e350870 .av-section-color-overlay{\nopacity:0.3;\nbackground-color:#222222;\n}\n<\/style>\n<div id='av_section_1'  class='avia-section av-lrz4yl12-63ad6bd1383ff76aa58fc6f12e350870 main_color avia-section-default avia-no-border-styling  avia-builder-el-0  avia-builder-el-no-sibling  avia-full-stretch avia-bg-style-fixed av-section-color-overlay-active av-minimum-height av-minimum-height-100  container_wrap sidebar_right'  data-section-bg-repeat='stretch' data-av_minimum_height_pc='100'><div class=\"av-section-color-overlay-wrap\"><div class=\"av-section-color-overlay\"><\/div><div class='container av-section-cont-open' ><main  role=\"main\" itemprop=\"mainContentOfPage\"  class='template-page content  av-content-small alpha units'><div class='post-entry post-entry-type-page post-entry-418'><div class='entry-content-wrapper clearfix'>\n<div class='flex_column av-22zr1-0847807b557fa3e1aed230067be42ef9 av_one_fourth  avia-builder-el-1  el_before_av_one_half  avia-builder-el-first  first flex_column_div '     ><\/div>\n<style type=\"text\/css\" data-created_by=\"avia_inline_auto\" id=\"style-css-av-1b4th-05af52764fe98fdc4695ddc454ade4b7\">\n.flex_column.av-1b4th-05af52764fe98fdc4695ddc454ade4b7{\npadding:20px 20px 20px 20px;\nbackground-color:rgba(34,34,34,0.6);\n}\n<\/style>\n<div class='flex_column av-1b4th-05af52764fe98fdc4695ddc454ade4b7 av_one_half  avia-builder-el-2  el_after_av_one_fourth  el_before_av_one_fourth  flex_column_div '     ><p>\n<style type=\"text\/css\" data-created_by=\"avia_inline_auto\" id=\"style-css-av-lrz4z8f6-28329e9b48b58c9ae52a22177331c1a5\">\n#top .av-special-heading.av-lrz4z8f6-28329e9b48b58c9ae52a22177331c1a5{\npadding-bottom:10px;\nfont-size:60px;\n}\nbody .av-special-heading.av-lrz4z8f6-28329e9b48b58c9ae52a22177331c1a5 .av-special-heading-tag .heading-char{\nfont-size:25px;\n}\n#top #wrap_all .av-special-heading.av-lrz4z8f6-28329e9b48b58c9ae52a22177331c1a5 .av-special-heading-tag{\nfont-size:60px;\n}\n.av-special-heading.av-lrz4z8f6-28329e9b48b58c9ae52a22177331c1a5 .av-subheading{\nfont-size:15px;\n}\n\n@media only screen and (min-width: 768px) and (max-width: 989px){ \n#top #wrap_all .av-special-heading.av-lrz4z8f6-28329e9b48b58c9ae52a22177331c1a5 .av-special-heading-tag{\nfont-size:70px;\n}\n}\n\n@media only screen and (min-width: 480px) and (max-width: 767px){ \n#top #wrap_all .av-special-heading.av-lrz4z8f6-28329e9b48b58c9ae52a22177331c1a5 .av-special-heading-tag{\nfont-size:60px;\n}\n}\n\n@media only screen and (max-width: 479px){ \n#top #wrap_all .av-special-heading.av-lrz4z8f6-28329e9b48b58c9ae52a22177331c1a5 .av-special-heading-tag{\nfont-size:50px;\n}\n}\n<\/style>\n<div  class='av-special-heading av-lrz4z8f6-28329e9b48b58c9ae52a22177331c1a5 av-special-heading-h1 blockquote modern-quote  avia-builder-el-3  el_before_av_hr  avia-builder-el-first  av-inherit-size'><h1 class='av-special-heading-tag'  itemprop=\"headline\"  >Directions<\/h1><div class=\"special-heading-border\"><div class=\"special-heading-inner-border\"><\/div><\/div><\/div><br \/>\n<div  class='hr av-lrz50ly8-e2c74f0753d31b258496b53360fb4336 hr-default  avia-builder-el-4  el_after_av_heading  el_before_av_textblock '><span class='hr-inner '><span class=\"hr-inner-style\"><\/span><\/span><\/div><br \/>\n<section  class='av_textblock_section av-lrz51ebf-db10889c388a90a361806dbb9c4e8c72'  itemscope=\"itemscope\" itemtype=\"https:\/\/schema.org\/CreativeWork\" ><div class='avia_textblock'  itemprop=\"text\" ><p><strong>Les Deux Kitzb\u00fchel GmbH<\/strong><br \/>\nFranz-Reisch-Str. 7<br \/>\nA-6370 Kitzb\u00fchel<\/p>\n<\/div><\/section><br \/>\n\n<style type=\"text\/css\" data-created_by=\"avia_inline_auto\" id=\"style-css-av-lsn0n0qp-f48c48973ea9c7bf07e0fe57ae3ad9fc\">\n#top .hr.hr-invisible.av-lsn0n0qp-f48c48973ea9c7bf07e0fe57ae3ad9fc{\nheight:30px;\n}\n<\/style>\n<div  class='hr av-lsn0n0qp-f48c48973ea9c7bf07e0fe57ae3ad9fc hr-invisible  avia-builder-el-6  el_after_av_textblock  el_before_av_textblock '><span class='hr-inner '><span class=\"hr-inner-style\"><\/span><\/span><\/div><br \/>\n<section  class='av_textblock_section av-lsn0hhus-f2a482941936482d81f60d5a27494848'  itemscope=\"itemscope\" itemtype=\"https:\/\/schema.org\/CreativeWork\" ><div class='avia_textblock'  itemprop=\"text\" ><p><strong>By car from Munich:<\/strong><\/p>\n<p>Follow A8 and A93 to Eiberg Str.\/B173 in Langkampfen, Austria<br \/>\nTake exit 6-Kufstein-S\u00fcd from Inntal Autobahn\/E45\/E60<br \/>\nFollow B173, B178, Kaiser Str. and Schwarzseestra\u00dfe to Franz-Reisch-Stra\u00dfe in Kitzb\u00fchel.<\/p>\n\n<style type=\"text\/css\" data-created_by=\"avia_inline_auto\" id=\"style-css-av-bqmmn-63c0931892d810068dca2143b4a0d4a3\">\n#top .hr.hr-invisible.av-bqmmn-63c0931892d810068dca2143b4a0d4a3{\nheight:30px;\n}\n<\/style>\n<div  class='hr av-bqmmn-63c0931892d810068dca2143b4a0d4a3 hr-invisible  avia-builder-el-8  avia-builder-el-no-sibling '><span class='hr-inner '><span class=\"hr-inner-style\"><\/span><\/span><\/div>\n<p><strong>By train from Munich:<\/strong><\/p>\n<p>From Munich to Kitzb\u00fchel station<br \/>\nFrom Kitzb\u00fchel station take the bus to Kitzb\u00fchel im Gries<br \/>\nFrom Kitzb\u00fchel im Gries approx. 6 min. \/ 350 m walking distance<\/p>\n<\/div><\/section><\/p><\/div><div class='flex_column av-ynz5-f17c28d79a9116510987085674c5c448 av_one_fourth  avia-builder-el-9  el_after_av_one_half  avia-builder-el-last  flex_column_div '     ><\/div><\/div><\/div><\/main><!-- close content main element --><\/div><\/div><\/div><div id='after_section_1'  class='main_color av_default_container_wrap container_wrap sidebar_right'  ><div class='container av-section-cont-open' ><div class='template-page content  av-content-small alpha units'><div class='post-entry post-entry-type-page post-entry-418'><div class='entry-content-wrapper clearfix'>\n","protected":false},"excerpt":{"rendered":"","protected":false},"author":1,"featured_media":0,"parent":0,"menu_order":0,"comment_status":"closed","ping_status":"closed","template":"","meta":{"footnotes":""},"class_list":["post-418","page","type-page","status-publish","hentry"],"_links":{"self":[{"href":"https:\/\/lesdeux-kitzbuehel.at\/en\/wp-json\/wp\/v2\/pages\/418","targetHints":{"allow":["GET"]}}],"collection":[{"href":"https:\/\/lesdeux-kitzbuehel.at\/en\/wp-json\/wp\/v2\/pages"}],"about":[{"href":"https:\/\/lesdeux-kitzbuehel.at\/en\/wp-json\/wp\/v2\/types\/page"}],"author":[{"embeddable":true,"href":"https:\/\/lesdeux-kitzbuehel.at\/en\/wp-json\/wp\/v2\/users\/1"}],"replies":[{"embeddable":true,"href":"https:\/\/lesdeux-kitzbuehel.at\/en\/wp-json\/wp\/v2\/comments?post=418"}],"version-history":[{"count":2,"href":"https:\/\/lesdeux-kitzbuehel.at\/en\/wp-json\/wp\/v2\/pages\/418\/revisions"}],"predecessor-version":[{"id":420,"href":"https:\/\/lesdeux-kitzbuehel.at\/en\/wp-json\/wp\/v2\/pages\/418\/revisions\/420"}],"wp:attachment":[{"href":"https:\/\/lesdeux-kitzbuehel.at\/en\/wp-json\/wp\/v2\/media?parent=418"}],"curies":[{"name":"wp","href":"https:\/\/api.w.org\/{rel}","templated":true}]}}